{"id":3200,"date":"2022-06-06T09:20:24","date_gmt":"2022-06-06T06:20:24","guid":{"rendered":"https:\/\/splushaircare.com\/epood\/haircare-anti-hairloss-treatment\/"},"modified":"2026-04-20T11:00:03","modified_gmt":"2026-04-20T08:00:03","slug":"haircare-anti-hairloss-treatment","status":"publish","type":"product","link":"https:\/\/splushaircare.com\/en\/epood\/haircare-anti-hairloss-treatment\/","title":{"rendered":"Anti Hairloss Treatment"},"content":{"rendered":"<p>The hair growth-stimulating treatment serum reduces hair loss and increases hair density. The active ingredients strengthen the weakened hair follicles and provide them with nutrients.<\/p>\n<h4>The hair growth stimulating peptide<\/h4>\n<p>is a three-amino acid peptide contained in collagen and enriched with biotin. It is used to strengthen the hair and provide the hair and scalp with nutrients. The peptide improves the size of the hair follicles and the retention of the hair by stimulating the synthesis of lamin and collagen in the hair follicle. This peptide helps reduce hair loss and makes the hair longer, stronger, and more luscious.<\/p>\n<p>Free of SLS, SLES, parabens and silicones.<\/p>\n<p>pH &#8211; 5.02<\/p>\n","protected":false},"excerpt":{"rendered":"The hair growth-stimulating treatment reduces hair loss and increases hair density","protected":false},"featured_media":436,"comment_status":"closed","ping_status":"closed","template":"","meta":{"_acf_changed":false},"product_brand":[],"product_cat":[104],"product_tag":[],"class_list":{"0":"post-3200","1":"product","2":"type-product","3":"status-publish","4":"has-post-thumbnail","6":"product_cat-seerumid-en","8":"first","9":"instock","10":"sale","11":"taxable","12":"shipping-taxable","13":"purchasable","14":"product-type-simple"},"acf":[],"yoast_head":"<!-- This site is optimized with the Yoast SEO plugin v27.1.1 - https:\/\/yoast.com\/product\/yoast-seo-wordpress\/ -->\n<title>Anti Hairloss Treatment - S+ Haircare<\/title>\n<meta name=\"description\" content=\"Anti-hair loss treatment serum is enriched with hair growth peptides and contains plant extracts that help prevent hair loss and weakening of hair follicles\" \/>\n<meta name=\"robots\" content=\"index, follow, max-snippet:-1, max-image-preview:large, max-video-preview:-1\" \/>\n<link rel=\"canonical\" href=\"https:\/\/splushaircare.com\/en\/epood\/haircare-anti-hairloss-treatment\/\" \/>\n<meta property=\"og:locale\" content=\"en_US\" \/>\n<meta property=\"og:type\" content=\"article\" \/>\n<meta property=\"og:title\" content=\"Anti Hairloss Treatment - S+ Haircare\" \/>\n<meta property=\"og:description\" content=\"Anti-hair loss treatment serum is enriched with hair growth peptides and contains plant extracts that help prevent hair loss and weakening of hair follicles\" \/>\n<meta property=\"og:url\" content=\"https:\/\/splushaircare.com\/en\/epood\/haircare-anti-hairloss-treatment\/\" \/>\n<meta property=\"og:site_name\" content=\"S+ Haircare\" \/>\n<meta property=\"article:modified_time\" content=\"2026-04-20T08:00:03+00:00\" \/>\n<meta property=\"og:image\" content=\"https:\/\/splushaircare.com\/wp-content\/uploads\/2022\/05\/anti-hairloss-treatment.png\" \/>\n\t<meta property=\"og:image:width\" content=\"314\" \/>\n\t<meta property=\"og:image:height\" content=\"1080\" \/>\n\t<meta property=\"og:image:type\" content=\"image\/png\" \/>\n<meta name=\"twitter:card\" content=\"summary_large_image\" \/>\n<script type=\"application\/ld+json\" class=\"yoast-schema-graph\">{\"@context\":\"https:\/\/schema.org\",\"@graph\":[{\"@type\":\"WebPage\",\"@id\":\"https:\/\/splushaircare.com\/en\/epood\/haircare-anti-hairloss-treatment\/\",\"url\":\"https:\/\/splushaircare.com\/en\/epood\/haircare-anti-hairloss-treatment\/\",\"name\":\"Anti Hairloss Treatment - S+ Haircare\",\"isPartOf\":{\"@id\":\"https:\/\/splushaircare.com\/en\/#website\"},\"primaryImageOfPage\":{\"@id\":\"https:\/\/splushaircare.com\/en\/epood\/haircare-anti-hairloss-treatment\/#primaryimage\"},\"image\":{\"@id\":\"https:\/\/splushaircare.com\/en\/epood\/haircare-anti-hairloss-treatment\/#primaryimage\"},\"thumbnailUrl\":\"https:\/\/splushaircare.com\/wp-content\/uploads\/2022\/05\/anti-hairloss-treatment.png\",\"datePublished\":\"2022-06-06T06:20:24+00:00\",\"dateModified\":\"2026-04-20T08:00:03+00:00\",\"description\":\"Anti-hair loss treatment serum is enriched with hair growth peptides and contains plant extracts that help prevent hair loss and weakening of hair follicles\",\"breadcrumb\":{\"@id\":\"https:\/\/splushaircare.com\/en\/epood\/haircare-anti-hairloss-treatment\/#breadcrumb\"},\"inLanguage\":\"en-US\",\"potentialAction\":[{\"@type\":\"ReadAction\",\"target\":[\"https:\/\/splushaircare.com\/en\/epood\/haircare-anti-hairloss-treatment\/\"]}]},{\"@type\":\"ImageObject\",\"inLanguage\":\"en-US\",\"@id\":\"https:\/\/splushaircare.com\/en\/epood\/haircare-anti-hairloss-treatment\/#primaryimage\",\"url\":\"https:\/\/splushaircare.com\/wp-content\/uploads\/2022\/05\/anti-hairloss-treatment.png\",\"contentUrl\":\"https:\/\/splushaircare.com\/wp-content\/uploads\/2022\/05\/anti-hairloss-treatment.png\",\"width\":314,\"height\":1080,\"caption\":\"S+ Haircare Anti Hairloss Treatment suurendab juuksen\u00e4\u00e4psu eluiga, v\u00e4hendab juuste v\u00e4ljalangemist\"},{\"@type\":\"BreadcrumbList\",\"@id\":\"https:\/\/splushaircare.com\/en\/epood\/haircare-anti-hairloss-treatment\/#breadcrumb\",\"itemListElement\":[{\"@type\":\"ListItem\",\"position\":1,\"name\":\"Home\",\"item\":\"https:\/\/splushaircare.com\/en\/\"},{\"@type\":\"ListItem\",\"position\":2,\"name\":\"Shop\",\"item\":\"https:\/\/splushaircare.com\/en\/shop\/\"},{\"@type\":\"ListItem\",\"position\":3,\"name\":\"Anti Hairloss Treatment\"}]},{\"@type\":\"WebSite\",\"@id\":\"https:\/\/splushaircare.com\/en\/#website\",\"url\":\"https:\/\/splushaircare.com\/en\/\",\"name\":\"S+ Haircare\",\"description\":\"\",\"publisher\":{\"@id\":\"https:\/\/splushaircare.com\/en\/#organization\"},\"potentialAction\":[{\"@type\":\"SearchAction\",\"target\":{\"@type\":\"EntryPoint\",\"urlTemplate\":\"https:\/\/splushaircare.com\/en\/?s={search_term_string}\"},\"query-input\":{\"@type\":\"PropertyValueSpecification\",\"valueRequired\":true,\"valueName\":\"search_term_string\"}}],\"inLanguage\":\"en-US\"},{\"@type\":\"Organization\",\"@id\":\"https:\/\/splushaircare.com\/en\/#organization\",\"name\":\"S+ Haircare\",\"url\":\"https:\/\/splushaircare.com\/en\/\",\"logo\":{\"@type\":\"ImageObject\",\"inLanguage\":\"en-US\",\"@id\":\"https:\/\/splushaircare.com\/en\/#\/schema\/logo\/image\/\",\"url\":\"https:\/\/splushaircare.com\/wp-content\/uploads\/2022\/05\/Shaircare_logo.svg\",\"contentUrl\":\"https:\/\/splushaircare.com\/wp-content\/uploads\/2022\/05\/Shaircare_logo.svg\",\"width\":212,\"height\":73,\"caption\":\"S+ Haircare\"},\"image\":{\"@id\":\"https:\/\/splushaircare.com\/en\/#\/schema\/logo\/image\/\"}}]}<\/script>\n<!-- \/ Yoast SEO plugin. -->","yoast_head_json":{"title":"Anti Hairloss Treatment - S+ Haircare","description":"Anti-hair loss treatment serum is enriched with hair growth peptides and contains plant extracts that help prevent hair loss and weakening of hair follicles","robots":{"index":"index","follow":"follow","max-snippet":"max-snippet:-1","max-image-preview":"max-image-preview:large","max-video-preview":"max-video-preview:-1"},"canonical":"https:\/\/splushaircare.com\/en\/epood\/haircare-anti-hairloss-treatment\/","og_locale":"en_US","og_type":"article","og_title":"Anti Hairloss Treatment - S+ Haircare","og_description":"Anti-hair loss treatment serum is enriched with hair growth peptides and contains plant extracts that help prevent hair loss and weakening of hair follicles","og_url":"https:\/\/splushaircare.com\/en\/epood\/haircare-anti-hairloss-treatment\/","og_site_name":"S+ Haircare","article_modified_time":"2026-04-20T08:00:03+00:00","og_image":[{"width":314,"height":1080,"url":"https:\/\/splushaircare.com\/wp-content\/uploads\/2022\/05\/anti-hairloss-treatment.png","type":"image\/png"}],"twitter_card":"summary_large_image","schema":{"@context":"https:\/\/schema.org","@graph":[{"@type":"WebPage","@id":"https:\/\/splushaircare.com\/en\/epood\/haircare-anti-hairloss-treatment\/","url":"https:\/\/splushaircare.com\/en\/epood\/haircare-anti-hairloss-treatment\/","name":"Anti Hairloss Treatment - S+ Haircare","isPartOf":{"@id":"https:\/\/splushaircare.com\/en\/#website"},"primaryImageOfPage":{"@id":"https:\/\/splushaircare.com\/en\/epood\/haircare-anti-hairloss-treatment\/#primaryimage"},"image":{"@id":"https:\/\/splushaircare.com\/en\/epood\/haircare-anti-hairloss-treatment\/#primaryimage"},"thumbnailUrl":"https:\/\/splushaircare.com\/wp-content\/uploads\/2022\/05\/anti-hairloss-treatment.png","datePublished":"2022-06-06T06:20:24+00:00","dateModified":"2026-04-20T08:00:03+00:00","description":"Anti-hair loss treatment serum is enriched with hair growth peptides and contains plant extracts that help prevent hair loss and weakening of hair follicles","breadcrumb":{"@id":"https:\/\/splushaircare.com\/en\/epood\/haircare-anti-hairloss-treatment\/#breadcrumb"},"inLanguage":"en-US","potentialAction":[{"@type":"ReadAction","target":["https:\/\/splushaircare.com\/en\/epood\/haircare-anti-hairloss-treatment\/"]}]},{"@type":"ImageObject","inLanguage":"en-US","@id":"https:\/\/splushaircare.com\/en\/epood\/haircare-anti-hairloss-treatment\/#primaryimage","url":"https:\/\/splushaircare.com\/wp-content\/uploads\/2022\/05\/anti-hairloss-treatment.png","contentUrl":"https:\/\/splushaircare.com\/wp-content\/uploads\/2022\/05\/anti-hairloss-treatment.png","width":314,"height":1080,"caption":"S+ Haircare Anti Hairloss Treatment suurendab juuksen\u00e4\u00e4psu eluiga, v\u00e4hendab juuste v\u00e4ljalangemist"},{"@type":"BreadcrumbList","@id":"https:\/\/splushaircare.com\/en\/epood\/haircare-anti-hairloss-treatment\/#breadcrumb","itemListElement":[{"@type":"ListItem","position":1,"name":"Home","item":"https:\/\/splushaircare.com\/en\/"},{"@type":"ListItem","position":2,"name":"Shop","item":"https:\/\/splushaircare.com\/en\/shop\/"},{"@type":"ListItem","position":3,"name":"Anti Hairloss Treatment"}]},{"@type":"WebSite","@id":"https:\/\/splushaircare.com\/en\/#website","url":"https:\/\/splushaircare.com\/en\/","name":"S+ Haircare","description":"","publisher":{"@id":"https:\/\/splushaircare.com\/en\/#organization"},"potentialAction":[{"@type":"SearchAction","target":{"@type":"EntryPoint","urlTemplate":"https:\/\/splushaircare.com\/en\/?s={search_term_string}"},"query-input":{"@type":"PropertyValueSpecification","valueRequired":true,"valueName":"search_term_string"}}],"inLanguage":"en-US"},{"@type":"Organization","@id":"https:\/\/splushaircare.com\/en\/#organization","name":"S+ Haircare","url":"https:\/\/splushaircare.com\/en\/","logo":{"@type":"ImageObject","inLanguage":"en-US","@id":"https:\/\/splushaircare.com\/en\/#\/schema\/logo\/image\/","url":"https:\/\/splushaircare.com\/wp-content\/uploads\/2022\/05\/Shaircare_logo.svg","contentUrl":"https:\/\/splushaircare.com\/wp-content\/uploads\/2022\/05\/Shaircare_logo.svg","width":212,"height":73,"caption":"S+ Haircare"},"image":{"@id":"https:\/\/splushaircare.com\/en\/#\/schema\/logo\/image\/"}}]}},"_links":{"self":[{"href":"https:\/\/splushaircare.com\/en\/wp-json\/wp\/v2\/product\/3200","targetHints":{"allow":["GET"]}}],"collection":[{"href":"https:\/\/splushaircare.com\/en\/wp-json\/wp\/v2\/product"}],"about":[{"href":"https:\/\/splushaircare.com\/en\/wp-json\/wp\/v2\/types\/product"}],"replies":[{"embeddable":true,"href":"https:\/\/splushaircare.com\/en\/wp-json\/wp\/v2\/comments?post=3200"}],"wp:featuredmedia":[{"embeddable":true,"href":"https:\/\/splushaircare.com\/en\/wp-json\/wp\/v2\/media\/436"}],"wp:attachment":[{"href":"https:\/\/splushaircare.com\/en\/wp-json\/wp\/v2\/media?parent=3200"}],"wp:term":[{"taxonomy":"product_brand","embeddable":true,"href":"https:\/\/splushaircare.com\/en\/wp-json\/wp\/v2\/product_brand?post=3200"},{"taxonomy":"product_cat","embeddable":true,"href":"https:\/\/splushaircare.com\/en\/wp-json\/wp\/v2\/product_cat?post=3200"},{"taxonomy":"product_tag","embeddable":true,"href":"https:\/\/splushaircare.com\/en\/wp-json\/wp\/v2\/product_tag?post=3200"}],"curies":[{"name":"wp","href":"https:\/\/api.w.org\/{rel}","templated":true}]}}