{"id":3243,"date":"2022-06-28T17:43:43","date_gmt":"2022-06-28T14:43:43","guid":{"rendered":"https:\/\/splushaircare.com\/tutvustus\/"},"modified":"2026-03-18T14:09:44","modified_gmt":"2026-03-18T11:09:44","slug":"tutvustus","status":"publish","type":"page","link":"https:\/\/splushaircare.com\/en\/tutvustus\/","title":{"rendered":"About us"},"content":{"rendered":"","protected":false},"excerpt":{"rendered":"","protected":false},"author":1,"featured_media":0,"parent":0,"menu_order":0,"comment_status":"closed","ping_status":"closed","template":"page-templates\/template-introduction.php","meta":{"_acf_changed":false,"footnotes":""},"class_list":["post-3243","page","type-page","status-publish","hentry"],"acf":[],"yoast_head":"<!-- This site is optimized with the Yoast SEO plugin v27.1.1 - https:\/\/yoast.com\/product\/yoast-seo-wordpress\/ -->\n<title>Looduse ja teaduse s\u00fcnergia juuksehoolduses - S+ Haircare<\/title>\n<meta name=\"description\" content=\"Salon+ ja Tartu \u00dclikooli teadlaste poolt koost\u00f6\u00f6s Eestis v\u00e4ljat\u00f6\u00f6tatud ning loodud juuksehooldussari on teadusp\u00f5hine ja efektiivse toimega.\" \/>\n<meta name=\"robots\" content=\"index, follow, max-snippet:-1, max-image-preview:large, max-video-preview:-1\" \/>\n<link rel=\"canonical\" href=\"https:\/\/splushaircare.com\/en\/tutvustus\/\" \/>\n<meta property=\"og:locale\" content=\"en_US\" \/>\n<meta property=\"og:type\" content=\"article\" \/>\n<meta property=\"og:title\" content=\"Looduse ja teaduse s\u00fcnergia juuksehoolduses - S+ Haircare\" \/>\n<meta property=\"og:description\" content=\"Salon+ ja Tartu \u00dclikooli teadlaste poolt koost\u00f6\u00f6s Eestis v\u00e4ljat\u00f6\u00f6tatud ning loodud juuksehooldussari on teadusp\u00f5hine ja efektiivse toimega.\" \/>\n<meta property=\"og:url\" content=\"https:\/\/splushaircare.com\/en\/tutvustus\/\" \/>\n<meta property=\"og:site_name\" content=\"S+ Haircare\" \/>\n<meta property=\"article:modified_time\" content=\"2026-03-18T11:09:44+00:00\" \/>\n<meta name=\"twitter:card\" content=\"summary_large_image\" \/>\n<script type=\"application\/ld+json\" class=\"yoast-schema-graph\">{\"@context\":\"https:\/\/schema.org\",\"@graph\":[{\"@type\":\"WebPage\",\"@id\":\"https:\/\/splushaircare.com\/en\/tutvustus\/\",\"url\":\"https:\/\/splushaircare.com\/en\/tutvustus\/\",\"name\":\"Looduse ja teaduse s\u00fcnergia juuksehoolduses - S+ Haircare\",\"isPartOf\":{\"@id\":\"https:\/\/splushaircare.com\/en\/#website\"},\"datePublished\":\"2022-06-28T14:43:43+00:00\",\"dateModified\":\"2026-03-18T11:09:44+00:00\",\"description\":\"Salon+ ja Tartu \u00dclikooli teadlaste poolt koost\u00f6\u00f6s Eestis v\u00e4ljat\u00f6\u00f6tatud ning loodud juuksehooldussari on teadusp\u00f5hine ja efektiivse toimega.\",\"breadcrumb\":{\"@id\":\"https:\/\/splushaircare.com\/en\/tutvustus\/#breadcrumb\"},\"inLanguage\":\"en-US\",\"potentialAction\":[{\"@type\":\"ReadAction\",\"target\":[\"https:\/\/splushaircare.com\/en\/tutvustus\/\"]}]},{\"@type\":\"BreadcrumbList\",\"@id\":\"https:\/\/splushaircare.com\/en\/tutvustus\/#breadcrumb\",\"itemListElement\":[{\"@type\":\"ListItem\",\"position\":1,\"name\":\"Home\",\"item\":\"https:\/\/splushaircare.com\/en\/\"},{\"@type\":\"ListItem\",\"position\":2,\"name\":\"About us\"}]},{\"@type\":\"WebSite\",\"@id\":\"https:\/\/splushaircare.com\/en\/#website\",\"url\":\"https:\/\/splushaircare.com\/en\/\",\"name\":\"S+ Haircare\",\"description\":\"\",\"publisher\":{\"@id\":\"https:\/\/splushaircare.com\/en\/#organization\"},\"potentialAction\":[{\"@type\":\"SearchAction\",\"target\":{\"@type\":\"EntryPoint\",\"urlTemplate\":\"https:\/\/splushaircare.com\/en\/?s={search_term_string}\"},\"query-input\":{\"@type\":\"PropertyValueSpecification\",\"valueRequired\":true,\"valueName\":\"search_term_string\"}}],\"inLanguage\":\"en-US\"},{\"@type\":\"Organization\",\"@id\":\"https:\/\/splushaircare.com\/en\/#organization\",\"name\":\"S+ Haircare\",\"url\":\"https:\/\/splushaircare.com\/en\/\",\"logo\":{\"@type\":\"ImageObject\",\"inLanguage\":\"en-US\",\"@id\":\"https:\/\/splushaircare.com\/en\/#\/schema\/logo\/image\/\",\"url\":\"https:\/\/splushaircare.com\/wp-content\/uploads\/2022\/05\/Shaircare_logo.svg\",\"contentUrl\":\"https:\/\/splushaircare.com\/wp-content\/uploads\/2022\/05\/Shaircare_logo.svg\",\"width\":212,\"height\":73,\"caption\":\"S+ Haircare\"},\"image\":{\"@id\":\"https:\/\/splushaircare.com\/en\/#\/schema\/logo\/image\/\"}}]}<\/script>\n<!-- \/ Yoast SEO plugin. -->","yoast_head_json":{"title":"Looduse ja teaduse s\u00fcnergia juuksehoolduses - S+ Haircare","description":"Salon+ ja Tartu \u00dclikooli teadlaste poolt koost\u00f6\u00f6s Eestis v\u00e4ljat\u00f6\u00f6tatud ning loodud juuksehooldussari on teadusp\u00f5hine ja efektiivse toimega.","robots":{"index":"index","follow":"follow","max-snippet":"max-snippet:-1","max-image-preview":"max-image-preview:large","max-video-preview":"max-video-preview:-1"},"canonical":"https:\/\/splushaircare.com\/en\/tutvustus\/","og_locale":"en_US","og_type":"article","og_title":"Looduse ja teaduse s\u00fcnergia juuksehoolduses - S+ Haircare","og_description":"Salon+ ja Tartu \u00dclikooli teadlaste poolt koost\u00f6\u00f6s Eestis v\u00e4ljat\u00f6\u00f6tatud ning loodud juuksehooldussari on teadusp\u00f5hine ja efektiivse toimega.","og_url":"https:\/\/splushaircare.com\/en\/tutvustus\/","og_site_name":"S+ Haircare","article_modified_time":"2026-03-18T11:09:44+00:00","twitter_card":"summary_large_image","schema":{"@context":"https:\/\/schema.org","@graph":[{"@type":"WebPage","@id":"https:\/\/splushaircare.com\/en\/tutvustus\/","url":"https:\/\/splushaircare.com\/en\/tutvustus\/","name":"Looduse ja teaduse s\u00fcnergia juuksehoolduses - S+ Haircare","isPartOf":{"@id":"https:\/\/splushaircare.com\/en\/#website"},"datePublished":"2022-06-28T14:43:43+00:00","dateModified":"2026-03-18T11:09:44+00:00","description":"Salon+ ja Tartu \u00dclikooli teadlaste poolt koost\u00f6\u00f6s Eestis v\u00e4ljat\u00f6\u00f6tatud ning loodud juuksehooldussari on teadusp\u00f5hine ja efektiivse toimega.","breadcrumb":{"@id":"https:\/\/splushaircare.com\/en\/tutvustus\/#breadcrumb"},"inLanguage":"en-US","potentialAction":[{"@type":"ReadAction","target":["https:\/\/splushaircare.com\/en\/tutvustus\/"]}]},{"@type":"BreadcrumbList","@id":"https:\/\/splushaircare.com\/en\/tutvustus\/#breadcrumb","itemListElement":[{"@type":"ListItem","position":1,"name":"Home","item":"https:\/\/splushaircare.com\/en\/"},{"@type":"ListItem","position":2,"name":"About us"}]},{"@type":"WebSite","@id":"https:\/\/splushaircare.com\/en\/#website","url":"https:\/\/splushaircare.com\/en\/","name":"S+ Haircare","description":"","publisher":{"@id":"https:\/\/splushaircare.com\/en\/#organization"},"potentialAction":[{"@type":"SearchAction","target":{"@type":"EntryPoint","urlTemplate":"https:\/\/splushaircare.com\/en\/?s={search_term_string}"},"query-input":{"@type":"PropertyValueSpecification","valueRequired":true,"valueName":"search_term_string"}}],"inLanguage":"en-US"},{"@type":"Organization","@id":"https:\/\/splushaircare.com\/en\/#organization","name":"S+ Haircare","url":"https:\/\/splushaircare.com\/en\/","logo":{"@type":"ImageObject","inLanguage":"en-US","@id":"https:\/\/splushaircare.com\/en\/#\/schema\/logo\/image\/","url":"https:\/\/splushaircare.com\/wp-content\/uploads\/2022\/05\/Shaircare_logo.svg","contentUrl":"https:\/\/splushaircare.com\/wp-content\/uploads\/2022\/05\/Shaircare_logo.svg","width":212,"height":73,"caption":"S+ Haircare"},"image":{"@id":"https:\/\/splushaircare.com\/en\/#\/schema\/logo\/image\/"}}]}},"_links":{"self":[{"href":"https:\/\/splushaircare.com\/en\/wp-json\/wp\/v2\/pages\/3243","targetHints":{"allow":["GET"]}}],"collection":[{"href":"https:\/\/splushaircare.com\/en\/wp-json\/wp\/v2\/pages"}],"about":[{"href":"https:\/\/splushaircare.com\/en\/wp-json\/wp\/v2\/types\/page"}],"author":[{"embeddable":true,"href":"https:\/\/splushaircare.com\/en\/wp-json\/wp\/v2\/users\/1"}],"replies":[{"embeddable":true,"href":"https:\/\/splushaircare.com\/en\/wp-json\/wp\/v2\/comments?post=3243"}],"version-history":[{"count":10,"href":"https:\/\/splushaircare.com\/en\/wp-json\/wp\/v2\/pages\/3243\/revisions"}],"predecessor-version":[{"id":7527,"href":"https:\/\/splushaircare.com\/en\/wp-json\/wp\/v2\/pages\/3243\/revisions\/7527"}],"wp:attachment":[{"href":"https:\/\/splushaircare.com\/en\/wp-json\/wp\/v2\/media?parent=3243"}],"curies":[{"name":"wp","href":"https:\/\/api.w.org\/{rel}","templated":true}]}}